{"id":1747,"date":"2023-07-05T10:05:31","date_gmt":"2023-07-05T10:05:31","guid":{"rendered":"http:\/\/beardomaindigital.com\/baeren-retten\/"},"modified":"2024-01-15T20:48:26","modified_gmt":"2024-01-15T20:48:26","slug":"baeren-retten","status":"publish","type":"page","link":"https:\/\/beardomaindigital.com\/de\/baeren-retten\/","title":{"rendered":"B\u00e4ren retten"},"content":{"rendered":"\t\t<div data-elementor-type=\"wp-page\" data-elementor-id=\"1747\" class=\"elementor elementor-1747 elementor-1665\" data-elementor-post-type=\"page\">\n\t\t\t\t\t\t<section class=\"elementor-section elementor-top-section elementor-element elementor-element-e42869a elementor-section-boxed elementor-section-height-default elementor-section-height-default\" data-id=\"e42869a\" data-element_type=\"section\" data-settings=\"{&quot;background_background&quot;:&quot;classic&quot;}\">\n\t\t\t\t\t\t<div class=\"elementor-container elementor-column-gap-default\">\n\t\t\t\t\t<div class=\"elementor-column elementor-col-100 elementor-top-column elementor-element elementor-element-7c8e5b5\" data-id=\"7c8e5b5\" data-element_type=\"column\">\n\t\t\t<div class=\"elementor-widget-wrap elementor-element-populated\">\n\t\t\t\t\t\t<div class=\"elementor-element elementor-element-3e5f9c9 elementor-widget elementor-widget-text-editor\" data-id=\"3e5f9c9\" data-element_type=\"widget\" data-widget_type=\"text-editor.default\">\n\t\t\t\t<div class=\"elementor-widget-container\">\n\t\t\t\t\t\t\t\t\t<p style=\"text-align: center; background-color: rgb(0, 153, 192);\"><span style=\"white-space-collapse: preserve;\"><b><br><\/b><\/span><\/p>\n<p style=\"text-align: center; background-color: rgb(0, 153, 192);\"><span style=\"white-space-collapse: preserve;\"><b>Alle Ihre PROJEKTE mit uns HELFEN B\u00c4REN auf der ganzen Welt<\/b><\/span><\/p><p style=\"text-align: center; background-color: rgb(0, 153, 192);\"><span style=\"white-space-collapse: preserve;\"><b><br><\/b><\/span><\/p>\t\t\t\t\t\t\t\t<\/div>\n\t\t\t\t<\/div>\n\t\t\t\t<div class=\"elementor-element elementor-element-482f0be elementor-widget elementor-widget-text-editor\" data-id=\"482f0be\" data-element_type=\"widget\" data-widget_type=\"text-editor.default\">\n\t\t\t\t<div class=\"elementor-widget-container\">\n\t\t\t\t\t\t\t\t\t<p>#FREETHEBEARS<\/p>\t\t\t\t\t\t\t\t<\/div>\n\t\t\t\t<\/div>\n\t\t\t\t<div class=\"elementor-element elementor-element-7c5cd63 elementor-widget elementor-widget-text-editor\" data-id=\"7c5cd63\" data-element_type=\"widget\" data-widget_type=\"text-editor.default\">\n\t\t\t\t<div class=\"elementor-widget-container\">\n\t\t\t\t\t\t\t\t\t<p style=\"text-align: center;\"><span style=\"white-space-collapse: preserve;\">Wir verpflichten uns <b>1 %<\/b> \nvon jedem Kundenprojekt, das wir haben, \nzu spenden.<\/span><\/p>\t\t\t\t\t\t\t\t<\/div>\n\t\t\t\t<\/div>\n\t\t\t\t<div class=\"elementor-element elementor-element-43232da elementor-widget__width-initial elementor-absolute elementor-widget-mobile__width-initial elementor-widget elementor-widget-image\" data-id=\"43232da\" data-element_type=\"widget\" data-settings=\"{&quot;_position&quot;:&quot;absolute&quot;}\" data-widget_type=\"image.default\">\n\t\t\t\t<div class=\"elementor-widget-container\">\n\t\t\t\t\t\t\t\t\t\t\t\t\t\t\t<img fetchpriority=\"high\" decoding=\"async\" width=\"800\" height=\"549\" src=\"https:\/\/beardomaindigital.com\/wp-content\/uploads\/2024\/01\/Screenshot-2024-01-10-at-15.57.30-1024x703.png\" class=\"attachment-large size-large wp-image-2117\" alt=\"\" srcset=\"https:\/\/beardomaindigital.com\/wp-content\/uploads\/2024\/01\/Screenshot-2024-01-10-at-15.57.30-1024x703.png 1024w, https:\/\/beardomaindigital.com\/wp-content\/uploads\/2024\/01\/Screenshot-2024-01-10-at-15.57.30-300x206.png 300w, https:\/\/beardomaindigital.com\/wp-content\/uploads\/2024\/01\/Screenshot-2024-01-10-at-15.57.30-768x527.png 768w, https:\/\/beardomaindigital.com\/wp-content\/uploads\/2024\/01\/Screenshot-2024-01-10-at-15.57.30.png 1128w\" sizes=\"(max-width: 800px) 100vw, 800px\" \/>\t\t\t\t\t\t\t\t\t\t\t\t\t\t\t<\/div>\n\t\t\t\t<\/div>\n\t\t\t\t<div class=\"elementor-element elementor-element-42c86b5 elementor-widget__width-initial elementor-absolute elementor-widget elementor-widget-image\" data-id=\"42c86b5\" data-element_type=\"widget\" data-settings=\"{&quot;_position&quot;:&quot;absolute&quot;}\" data-widget_type=\"image.default\">\n\t\t\t\t<div class=\"elementor-widget-container\">\n\t\t\t\t\t\t\t\t\t\t\t\t\t\t\t<img decoding=\"async\" width=\"798\" height=\"702\" src=\"https:\/\/beardomaindigital.com\/wp-content\/uploads\/2024\/01\/Screenshot-2024-01-10-at-16.01.34.png\" class=\"attachment-large size-large wp-image-2133\" alt=\"\" srcset=\"https:\/\/beardomaindigital.com\/wp-content\/uploads\/2024\/01\/Screenshot-2024-01-10-at-16.01.34.png 798w, https:\/\/beardomaindigital.com\/wp-content\/uploads\/2024\/01\/Screenshot-2024-01-10-at-16.01.34-300x264.png 300w, https:\/\/beardomaindigital.com\/wp-content\/uploads\/2024\/01\/Screenshot-2024-01-10-at-16.01.34-768x676.png 768w\" sizes=\"(max-width: 798px) 100vw, 798px\" \/>\t\t\t\t\t\t\t\t\t\t\t\t\t\t\t<\/div>\n\t\t\t\t<\/div>\n\t\t\t\t<div class=\"elementor-element elementor-element-cfa2858 elementor-widget-mobile__width-initial elementor-widget elementor-widget-spacer\" data-id=\"cfa2858\" data-element_type=\"widget\" data-widget_type=\"spacer.default\">\n\t\t\t\t<div class=\"elementor-widget-container\">\n\t\t\t\t\t\t\t<div class=\"elementor-spacer\">\n\t\t\t<div class=\"elementor-spacer-inner\"><\/div>\n\t\t<\/div>\n\t\t\t\t\t\t<\/div>\n\t\t\t\t<\/div>\n\t\t\t\t<div class=\"elementor-element elementor-element-c9191da elementor-widget elementor-widget-text-editor\" data-id=\"c9191da\" data-element_type=\"widget\" data-widget_type=\"text-editor.default\">\n\t\t\t\t<div class=\"elementor-widget-container\">\n\t\t\t\t\t\t\t\t\t<h2 class=\"elementor-heading-title elementor-size-default elementor-inline-editing pen\" data-elementor-setting-key=\"title\" data-lt-tmp-id=\"lt-288512\" spellcheck=\"false\" data-gramm=\"false\" data-pen-placeholder=\"Type Here...\" style=\"font-family: var( --e-global-typography-primary-font-family ), Sans-serif; font-weight: var( --e-global-typography-primary-font-weight ); color: rgb(255, 255, 255); outline-style: initial !important; outline-width: 0px !important;\">Why? <\/h2>\t\t\t\t\t\t\t\t<\/div>\n\t\t\t\t<\/div>\n\t\t\t\t<div class=\"elementor-element elementor-element-d4cd3c4 elementor-widget elementor-widget-text-editor\" data-id=\"d4cd3c4\" data-element_type=\"widget\" data-widget_type=\"text-editor.default\">\n\t\t\t\t<div class=\"elementor-widget-container\">\n\t\t\t\t\t\t\t\t\t<p><font color=\"#ffffff\"><span style=\"font-size: 20px; white-space-collapse: preserve;\">B\u00e4ren sind ehrfurchtgebietende Lebewesen, die St\u00e4rke, Widerstandsf\u00e4higkeit und\nHarmonie mit der Natur. Leider stehen sie vor zahlreichen Herausforderungen aufgrund von\nLebensraumverlust, Wilderei und Klimawandel.<\/span><\/font><br><\/p>\t\t\t\t\t\t\t\t<\/div>\n\t\t\t\t<\/div>\n\t\t\t\t<div class=\"elementor-element elementor-element-5d16214 elementor-widget elementor-widget-spacer\" data-id=\"5d16214\" data-element_type=\"widget\" data-widget_type=\"spacer.default\">\n\t\t\t\t<div class=\"elementor-widget-container\">\n\t\t\t\t\t\t\t<div class=\"elementor-spacer\">\n\t\t\t<div class=\"elementor-spacer-inner\"><\/div>\n\t\t<\/div>\n\t\t\t\t\t\t<\/div>\n\t\t\t\t<\/div>\n\t\t\t\t<div class=\"elementor-element elementor-element-9629b00 elementor-widget elementor-widget-text-editor\" data-id=\"9629b00\" data-element_type=\"widget\" data-widget_type=\"text-editor.default\">\n\t\t\t\t<div class=\"elementor-widget-container\">\n\t\t\t\t\t\t\t\t\t<h2 class=\"elementor-heading-title elementor-size-default elementor-inline-editing pen\" style=\"font-family: Roboto, sans-serif; font-weight: 600; color: #ffffff; text-align: center; outline-style: initial !important; outline-width: 0px !important;\" spellcheck=\"false\" data-elementor-setting-key=\"title\" data-pen-placeholder=\"Type Here...\" data-lt-tmp-id=\"lt-458428\" data-gramm=\"false\">How?<\/h2>\t\t\t\t\t\t\t\t<\/div>\n\t\t\t\t<\/div>\n\t\t\t\t<div class=\"elementor-element elementor-element-bc1c96b elementor-widget elementor-widget-text-editor\" data-id=\"bc1c96b\" data-element_type=\"widget\" data-widget_type=\"text-editor.default\">\n\t\t\t\t<div class=\"elementor-widget-container\">\n\t\t\t\t\t\t\t\t\t<p><span style=\"color: #ffffff;\"><span style=\"font-size: 20px; white-space-collapse: preserve;\">Wir arbeiten mit der Organisation namens: <\/span><\/span><\/p><p><span style=\"color: #045b75;\"><span style=\"font-size: 20px; white-space-collapse: preserve;\"><b>F<\/b><\/span><b style=\"font-size: 20px; white-space-collapse: preserve; background-color: var( --e-global-color-secondary );\">ree the Bears<\/b><\/span><\/p><p><span style=\"color: #ffffff;\"><span style=\"font-size: 20px; white-space-collapse: preserve;\"> Dies ist eine in Australien ans\u00e4ssige Organisation, die es sich zur Aufgabe gemacht hat, B\u00e4ren in ganz Asien zu retten. Free the Bears rettet und rehabilitiert B\u00e4ren, bek\u00e4mpft aber auch gro\u00dfe Bedrohungen wie die B\u00e4renwilderei, den Besitz exotischer Haustiere und die Ausbeutung in der traditionellen Medizin. Durch die enge Zusammenarbeit mit den lokalen Gemeinden und den nationalen Regierungen haben sie viele erfolgreiche Projekte und Rettungsaktionen durchgef\u00fchrt. Alles begann damit, dass Gro\u00dfmutter Mary aus Perth das Bewusstsein f\u00fcr die Problematik sch\u00e4rfte, nachdem sie im Fernsehen schreckliche Bilder von asiatischen B\u00e4ren gesehen hatte, die in sarggro\u00dfen K\u00e4figen gehalten wurden. Lesen Sie mehr \u00fcber Free the Bears und besuchen Sie ihre Website.<\/span><\/span><\/p>\t\t\t\t\t\t\t\t<\/div>\n\t\t\t\t<\/div>\n\t\t\t\t\t<\/div>\n\t\t<\/div>\n\t\t\t\t\t<\/div>\n\t\t<\/section>\n\t\t\t\t<section class=\"elementor-section elementor-top-section elementor-element elementor-element-747924d elementor-section-boxed elementor-section-height-default elementor-section-height-default\" data-id=\"747924d\" data-element_type=\"section\" data-settings=\"{&quot;background_background&quot;:&quot;classic&quot;}\">\n\t\t\t\t\t\t<div class=\"elementor-container elementor-column-gap-default\">\n\t\t\t\t\t<div class=\"elementor-column elementor-col-100 elementor-top-column elementor-element elementor-element-e5b4815\" data-id=\"e5b4815\" data-element_type=\"column\">\n\t\t\t<div class=\"elementor-widget-wrap elementor-element-populated\">\n\t\t\t\t\t\t<div class=\"elementor-element elementor-element-c3c204d elementor-align-justify elementor-widget__width-initial elementor-widget elementor-widget-button\" data-id=\"c3c204d\" data-element_type=\"widget\" data-widget_type=\"button.default\">\n\t\t\t\t<div class=\"elementor-widget-container\">\n\t\t\t\t\t\t\t\t\t<div class=\"elementor-button-wrapper\">\n\t\t\t\t\t<a class=\"elementor-button elementor-button-link elementor-size-sm\" href=\"http:\/\/beardomaindigital.com\/contact\/\">\n\t\t\t\t\t\t<span class=\"elementor-button-content-wrapper\">\n\t\t\t\t\t\t\t\t\t<span class=\"elementor-button-text\">KONTAKTIEREN SIE UNS<\/span>\n\t\t\t\t\t<\/span>\n\t\t\t\t\t<\/a>\n\t\t\t\t<\/div>\n\t\t\t\t\t\t\t\t<\/div>\n\t\t\t\t<\/div>\n\t\t\t\t<div class=\"elementor-element elementor-element-53d6263 elementor-widget elementor-widget-spacer\" data-id=\"53d6263\" data-element_type=\"widget\" data-widget_type=\"spacer.default\">\n\t\t\t\t<div class=\"elementor-widget-container\">\n\t\t\t\t\t\t\t<div class=\"elementor-spacer\">\n\t\t\t<div class=\"elementor-spacer-inner\"><\/div>\n\t\t<\/div>\n\t\t\t\t\t\t<\/div>\n\t\t\t\t<\/div>\n\t\t\t\t<div class=\"elementor-element elementor-element-b295f57 elementor-align-center elementor-widget-mobile__width-initial elementor-widget__width-initial elementor-widget elementor-widget-button\" data-id=\"b295f57\" data-element_type=\"widget\" data-widget_type=\"button.default\">\n\t\t\t\t<div class=\"elementor-widget-container\">\n\t\t\t\t\t\t\t\t\t<div class=\"elementor-button-wrapper\">\n\t\t\t\t\t<a class=\"elementor-button elementor-button-link elementor-size-sm\" href=\"http:\/\/www.freethebears.org\">\n\t\t\t\t\t\t<span class=\"elementor-button-content-wrapper\">\n\t\t\t\t\t\t\t\t\t<span class=\"elementor-button-text\">WEBSEITE FREETHEBEARS<\/span>\n\t\t\t\t\t<\/span>\n\t\t\t\t\t<\/a>\n\t\t\t\t<\/div>\n\t\t\t\t\t\t\t\t<\/div>\n\t\t\t\t<\/div>\n\t\t\t\t\t<\/div>\n\t\t<\/div>\n\t\t\t\t\t<\/div>\n\t\t<\/section>\n\t\t\t\t<\/div>\n\t\t","protected":false},"excerpt":{"rendered":"<p>Alle Ihre PROJEKTE mit uns HELFEN B\u00c4REN auf der ganzen Welt #FREETHEBEARS Wir verpflichten uns 1 % von jedem Kundenprojekt, das wir haben, zu spenden. Why? B\u00e4ren sind ehrfurchtgebietende Lebewesen, die St\u00e4rke, Widerstandsf\u00e4higkeit und Harmonie mit der Natur. Leider stehen sie vor zahlreichen Herausforderungen aufgrund von Lebensraumverlust, Wilderei und Klimawandel. How? Wir arbeiten mit der [&hellip;]<\/p>\n","protected":false},"author":2,"featured_media":0,"parent":0,"menu_order":0,"comment_status":"closed","ping_status":"closed","template":"","meta":{"footnotes":""},"class_list":["post-1747","page","type-page","status-publish","hentry"],"_links":{"self":[{"href":"https:\/\/beardomaindigital.com\/de\/wp-json\/wp\/v2\/pages\/1747","targetHints":{"allow":["GET"]}}],"collection":[{"href":"https:\/\/beardomaindigital.com\/de\/wp-json\/wp\/v2\/pages"}],"about":[{"href":"https:\/\/beardomaindigital.com\/de\/wp-json\/wp\/v2\/types\/page"}],"author":[{"embeddable":true,"href":"https:\/\/beardomaindigital.com\/de\/wp-json\/wp\/v2\/users\/2"}],"replies":[{"embeddable":true,"href":"https:\/\/beardomaindigital.com\/de\/wp-json\/wp\/v2\/comments?post=1747"}],"version-history":[{"count":20,"href":"https:\/\/beardomaindigital.com\/de\/wp-json\/wp\/v2\/pages\/1747\/revisions"}],"predecessor-version":[{"id":2784,"href":"https:\/\/beardomaindigital.com\/de\/wp-json\/wp\/v2\/pages\/1747\/revisions\/2784"}],"wp:attachment":[{"href":"https:\/\/beardomaindigital.com\/de\/wp-json\/wp\/v2\/media?parent=1747"}],"curies":[{"name":"wp","href":"https:\/\/api.w.org\/{rel}","templated":true}]}}