{"id":1445,"date":"2023-03-23T15:14:43","date_gmt":"2023-03-23T15:14:43","guid":{"rendered":"http:\/\/box5144.temp.domains\/~beardoma\/privacy-policy\/"},"modified":"2025-08-28T16:30:23","modified_gmt":"2025-08-28T16:30:23","slug":"datenschutz","status":"publish","type":"page","link":"https:\/\/beardomaindigital.com\/de\/datenschutz\/","title":{"rendered":"Datenschutz"},"content":{"rendered":"\t\t<div data-elementor-type=\"wp-page\" data-elementor-id=\"1445\" class=\"elementor elementor-1445 elementor-3\" data-elementor-post-type=\"page\">\n\t\t\t\t\t\t<section class=\"elementor-section elementor-top-section elementor-element elementor-element-0830be3 elementor-section-boxed elementor-section-height-default elementor-section-height-default\" data-id=\"0830be3\" data-element_type=\"section\">\n\t\t\t\t\t\t<div class=\"elementor-container elementor-column-gap-default\">\n\t\t\t\t\t<div class=\"elementor-column elementor-col-100 elementor-top-column elementor-element elementor-element-dae8e46\" data-id=\"dae8e46\" data-element_type=\"column\">\n\t\t\t<div class=\"elementor-widget-wrap elementor-element-populated\">\n\t\t\t\t\t\t<div class=\"elementor-element elementor-element-f48ed1b custom-heading elementor-invisible elementor-widget elementor-widget-heading\" data-id=\"f48ed1b\" data-element_type=\"widget\" data-settings=\"{&quot;_animation&quot;:&quot;slideInLeft&quot;}\" data-widget_type=\"heading.default\">\n\t\t\t\t<div class=\"elementor-widget-container\">\n\t\t\t\t\t<h2 class=\"elementor-heading-title elementor-size-default\">DATENSCHUTZERKL\u00c4RUNG AVG\/GDPR VON BEAR DOMAIN DIGITAL; DIE NIEDERLANDE<span style=\"color:#0099C0\">.<\/span><\/h2>\t\t\t\t<\/div>\n\t\t\t\t<\/div>\n\t\t\t\t<div class=\"elementor-element elementor-element-48dc432 elementor-invisible elementor-widget elementor-widget-text-editor\" data-id=\"48dc432\" data-element_type=\"widget\" data-settings=\"{&quot;_animation&quot;:&quot;slideInRight&quot;}\" data-widget_type=\"text-editor.default\">\n\t\t\t\t<div class=\"elementor-widget-container\">\n\t\t\t\t\t\t\t\t\t<p>Bear Domain Digital, mit Sitz in der Voorthuizerstraat 202B, Putten, Niederlande, ist verantwortlich f\u00fcr die Verarbeitung personenbezogener Daten, wie in dieser Datenschutzerkl\u00e4rung beschrieben. Domain Digital wird als Gesch\u00e4ftst\u00e4tigkeit unter der Holding Wear Celestials betrieben, und daher erfolgt die gesamte Rechnungsstellung \u00fcber das Bankkonto von Wear Celestials.<\/p>\n<h5><b>Kontaktinformationen<\/b><\/h5>\n<h5>Rimpelerweg 80, 3882 NK , Putten Niederlande<\/h5>\n<p>+31 653 352 296<\/p>\n<p>L.H. Wilkes ist der Datenschutzbeauftragte von Bear Domain Digital. Er ist erreichbar unter admin@beardomaindigital.com<\/p>\n<h5><b>Von uns verarbeitete personenbezogene Daten<\/b><\/h5>\n<p>Bear Domain Digital verarbeitet Ihre personenbezogenen Daten, weil Sie unsere Dienste nutzen und\/oder weil Sie uns diese selbst zur Verf\u00fcgung stellen.<\/p>\n<p>Nachfolgend finden Sie eine \u00dcbersicht \u00fcber die von uns verarbeiteten personenbezogenen Daten:<\/p>\n<p>&#8211; Vor- und Nachname<\/p>\n<p>&#8211; Adressdaten<\/p>\n<p>&#8211; Telefon-Nummer<\/p>\n<p>&#8211; E-Mail-Adresse<\/p>\n<p>&#8211; IP-Adresse<\/p>\n<p>&#8211; Sonstige personenbezogene Daten, die Sie uns aktiv zur Verf\u00fcgung stellen, z. B. bei der Erstellung eines Profils auf dieser Website, im Schriftverkehr und am Telefon<\/p>\n<p>&#8211; Daten \u00fcber Ihre Aktivit\u00e4ten auf unserer Website<\/p>\n<p>&#8211; Bankkontonummer<\/p>\n<p>Bear Domain Digital verarbeitet personenbezogene Daten, weil personenbezogene Daten auf unserer Website hinterlassen werden k\u00f6nnen.&nbsp;<\/p>\n<h5><b>Besondere und\/oder sensible pers\u00f6nliche Daten, die wir verarbeiten<\/b><\/h5>\n<p>Bear Domain Digital verarbeitet die folgenden besonderen und\/oder sensiblen pers\u00f6nlichen Daten \u00fcber Sie: nicht anwendbar.<\/p>\n<p>Unsere Website und\/oder Dienstleistung beabsichtigt nicht, Daten \u00fcber Website-Besucher zu sammeln, die unter 16 Jahre alt sind. Es sei denn, sie haben die Zustimmung ihrer Eltern oder Erziehungsberechtigten. Wir k\u00f6nnen jedoch nicht \u00fcberpr\u00fcfen, ob ein Besucher \u00e4lter als 16 Jahre ist. Wir raten daher den Eltern, sich mit den Online-Aktivit\u00e4ten ihrer Kinder zu befassen, um zu vermeiden, dass ohne elterliche Zustimmung Daten \u00fcber Kinder gesammelt werden. Wenn Sie davon \u00fcberzeugt sind, dass wir personenbezogene Daten \u00fcber einen Minderj\u00e4hrigen ohne eine solche Zustimmung gesammelt haben, wenden Sie sich bitte an admin@beardomaindigital.com, und wir werden diese Informationen l\u00f6schen.<\/p>\n<h5><b>Zu welchem Zweck und auf welcher Grundlage wir personenbezogene Daten verarbeiten<\/b><\/h5>\n<p>Bear Domain Digital verarbeitet Ihre personenbezogenen Daten f\u00fcr die folgenden Zwecke:<\/p>\n<p>&#8211; Abwicklung Ihrer Zahlung<\/p>\n<p>&#8211; Zusendung unseres Newsletters und\/oder Werbeprospekts<\/p>\n<p>&#8211; Sie anzurufen oder Ihnen eine E-Mail zu schicken, wenn dies f\u00fcr die Ausf\u00fchrung unserer Dienstleistungen erforderlich ist<\/p>\n<p>&#8211; um Sie \u00fcber \u00c4nderungen unserer Dienstleistungen und Produkte zu informieren<\/p>\n<p>&#8211; Bear Domain Digital verarbeitet auch personenbezogene Daten, wenn wir dazu gesetzlich verpflichtet sind, wie z.B. Daten, die wir f\u00fcr unsere Steuererkl\u00e4rung ben\u00f6tigen.&nbsp;<\/p>\n<h5><b>Automatisierte Entscheidungsfindung<\/b><\/h5>\n<p>Bear Domain Digital trifft auf der Grundlage automatisierter Verarbeitung Entscheidungen \u00fcber Angelegenheiten, die Einzelpersonen (erheblich) beeintr\u00e4chtigen k\u00f6nnten. Dies sind Entscheidungen, die von Computerprogrammen oder -systemen getroffen werden, ohne dass ein Mensch (z.B. ein Mitarbeiter von Bear Domain Digital) anwesend ist. Bear Domain Digital verwendet die folgenden Computerprogramme oder -systeme:<\/p>\n<p>N\/A.<\/p>\n<h5><b>Wie lange wir pers\u00f6nliche Daten aufbewahren<\/b><\/h5>\n<p>Bear Domain Digital bewahrt Ihre personenbezogenen Daten nicht l\u00e4nger auf, als es f\u00fcr die Erf\u00fcllung der Zwecke, f\u00fcr die Ihre Daten erhoben wurden, unbedingt erforderlich ist. Wir verwenden die folgenden Aufbewahrungsfristen f\u00fcr die folgenden (Kategorien von) personenbezogenen Daten:<\/p>\n<p>In Absprache mit dem Kunden; zum Zweck der Wartung und\/oder der Garantie- oder Folgearbeiten<\/p>\n<h5><b>Weitergabe personenbezogener Daten an Dritte<\/b><\/h5>\n<p>Bear Domain Digital gibt Ihre personenbezogenen Daten an verschiedene Dritte weiter, soweit dies f\u00fcr die Erf\u00fcllung des Vertrages und zur Erf\u00fcllung gesetzlicher Verpflichtungen erforderlich ist. Mit Unternehmen, die Ihre Daten in unserem Auftrag verarbeiten, schlie\u00dfen wir einen Verarbeitungsvertrag ab, um das gleiche Ma\u00df an Sicherheit und Vertraulichkeit Ihrer Daten zu gew\u00e4hrleisten. Bear Domain Digital bleibt f\u00fcr diese Verarbeitung verantwortlich. Dar\u00fcber hinaus gibt Bear Domain Digital Ihre pers\u00f6nlichen Daten an andere Dritte weiter. Wir tun dies nur mit Ihrer ausdr\u00fccklichen Zustimmung.<\/p>\n<p>Kategorie: Black &amp; White Solutions; Software-Designer Kroatien; Software-Programmierer; Wartungspersonal; Zweck: Entwurf, Erstellung und Wartung von Websites; wir geben nur Daten weiter, die f\u00fcr das Projekt und die vereinbarten Dienstleistungen erforderlich sind.<\/p>\n<p>Kategorie: Bridge2Home Kap Verde, eine Organisation, die hochqualifiziertes IT-Personal rekrutiert; Zweck: Entwurf, Erstellung und Pflege von Websites, API-Integrationen;&nbsp;<span style=\"color: var( --e-global-color-text );\">wir geben nur Daten weiter, die f\u00fcr das Projekt und die vereinbarten Dienstleistungen erforderlich sind.<\/span><\/p>\n<p>Bear Domain Digital gibt diese Daten nur an Dritte weiter, wenn dies f\u00fcr die Erf\u00fcllung unserer Vereinbarung mit Ihnen oder zur Erf\u00fcllung einer gesetzlichen Verpflichtung erforderlich ist.<\/p>\n<h5><b>Cookies, oder \u00e4hnliche Techniken, die wir verwenden<\/b><\/h5>\n<p>Bear Domain Digital verwendet nur technische und funktionelle Cookies. Und analytische Cookies, die nicht in Ihre Privatsph\u00e4re eindringen. Ein Cookie ist eine kleine Textdatei, die auf Ihrem Computer, Tablet oder Smartphone gespeichert wird, wenn Sie diese Website zum ersten Mal besuchen. Die von uns verwendeten Cookies sind f\u00fcr das technische Funktionieren der Website und Ihre Benutzerfreundlichkeit notwendig. Sie sorgen daf\u00fcr, dass die Website ordnungsgem\u00e4\u00df funktioniert und merken sich zum Beispiel Ihre Pr\u00e4ferenzen. Sie erm\u00f6glichen es uns auch, unsere Website zu optimieren. Sie k\u00f6nnen Cookies ablehnen, indem Sie Ihren Internetbrowser so einstellen, dass keine Cookies mehr gespeichert werden. Au\u00dferdem k\u00f6nnen Sie \u00fcber die Einstellungen Ihres Browsers alle zuvor gespeicherten Informationen l\u00f6schen.<\/p>\n<p>Bear Domain Digital verwendet funktionale, analytische und Tracking-Cookies. Ein Cookie ist eine kleine Textdatei, die im Browser Ihres Computers, Tablets oder Smartphones gespeichert wird, wenn Sie diese Website zum ersten Mal besuchen.&nbsp; Bear Domain Digital verwendet Cookies mit einer rein technischen Funktionalit\u00e4t. Diese sorgen daf\u00fcr, dass die Website ordnungsgem\u00e4\u00df funktioniert und dass z.B. Ihre Pr\u00e4ferenzen gespeichert werden. Diese Cookies werden auch verwendet, um das Funktionieren der Website zu gew\u00e4hrleisten und sie zu optimieren. Zudem platzieren wir Cookies, die Ihr Surfverhalten verfolgen, damit wir Ihnen ma\u00dfgeschneiderte Inhalte und Werbung anbieten k\u00f6nnen.&nbsp;<\/p>\n<p>Bei Ihrem ersten Besuch auf unserer Website haben wir Sie bereits \u00fcber diese Cookies informiert und um Ihr Einverst\u00e4ndnis gebeten, sie zu setzen.&nbsp;<\/p>\n<p>Sie k\u00f6nnen die Verwendung von Cookies ablehnen, indem Sie Ihren Internet-Browser so einstellen, dass keine Cookies mehr gespeichert werden. Au\u00dferdem k\u00f6nnen Sie \u00fcber die Einstellungen Ihres Browsers alle zuvor gespeicherten Informationen l\u00f6schen.<\/p>\n<p>F\u00fcr eine Erl\u00e4uterung siehe: https:\/\/datenschutz-generator.de\/ttdsg-cookies\/<\/p>\n<p>Bear Domain Digital verwendet keine Cookies oder \u00e4hnliche Technologien.<\/p>\n<h5><b>Einsichtnahme, Berichtigung oder L\u00f6schung von Daten&nbsp;<\/b><\/h5>\n<p>Sie haben auch das Recht, Ihre eventuelle Zustimmung zur Datenverarbeitung zu widerrufen oder der Verarbeitung Ihrer personenbezogenen Daten durch unser Unternehmen zu widersprechen, und Sie haben das Recht auf Daten\u00fcbertragbarkeit. Das bedeutet, dass Sie bei uns beantragen k\u00f6nnen, dass die personenbezogenen Daten, die wir \u00fcber Sie in einer Computerdatei gespeichert haben, an Sie oder eine andere von Ihnen benannte Organisation \u00fcbermittelt werden.<\/p>\n<p>Wenn Sie von Ihrem Widerspruchsrecht und\/oder Ihrem Recht auf Einsichtnahme, Berichtigung, L\u00f6schung, oder Daten\u00fcbertragbarkeit Gebrauch machen m\u00f6chten oder andere Fragen\/Anmerkungen zur Datenverarbeitung haben, senden Sie bitte einen detaillierten Antrag an admin@beardomaindigital.com.&nbsp;<\/p>\n<p>Um sicherzustellen, dass der Antrag auf Einsichtnahme von Ihnen gestellt wird, bitten wir Sie, dem Antrag eine Kopie Ihres Identit\u00e4tsnachweises beizuf\u00fcgen. Schw\u00e4rzen Sie auf dieser Kopie Ihr Passfoto, die MRZ (maschinenlesbare Zone, der Zahlenstreifen am unteren Rand des Passes), die Passnummer und die B\u00fcrgerservicenummer (BSN). Dies dient dem Schutz Ihrer Privatsph\u00e4re. Bear Domain Digital wird Ihre Anfrage so schnell wie m\u00f6glich, aber auf jeden Fall innerhalb von vier Wochen beantworten.<\/p>\n<p>Bear Domain Digital m\u00f6chte Sie auch dar\u00fcber informieren, dass Sie die M\u00f6glichkeit haben, eine Beschwerde bei der nationalen Aufsichtsbeh\u00f6rde, der Beh\u00f6rde Persoonsgegevens, einzureichen. Sie k\u00f6nnen dies \u00fcber den folgenden Link tun: https:\/\/autoriteitpersoonsgegevens.nl\/nl\/contact-met-de-autoriteit-persoonsgegevens\/tip-ons<\/p>\n<h5><b>Wie wir pers\u00f6nliche Daten sch\u00fctzen<\/b><\/h5>\n<p>Bear Domain Digital nimmt den Schutz Ihrer Daten ernst und ergreift geeignete Ma\u00dfnahmen, um Missbrauch, Verlust, unbefugtem Zugriff, unerw\u00fcnschter Offenlegung und unbefugter \u00c4nderung entgegenzuwirken. Wenn Sie den Eindruck haben, dass Ihre Daten nicht ordnungsgem\u00e4\u00df gesichert sind oder es Anzeichen f\u00fcr einen Missbrauch gibt, wenden Sie sich bitte an unseren Kundenservice oder \u00fcber admin@beardomaindigital.com<\/p>\n<p>Bear Domain Digital nimmt den Schutz Ihrer Daten ernst und ergreift geeignete Ma\u00dfnahmen, um Missbrauch, Verlust, unbefugtem Zugriff, unerw\u00fcnschter Offenlegung und unbefugter Ver\u00e4nderung entgegenzuwirken. Sollten Sie den Eindruck haben, dass Ihre Daten nicht ordnungsgem\u00e4\u00df gesichert sind oder es Hinweise auf einen Missbrauch gibt, wenden Sie sich bitte an unseren Kundenservice oder an admin@beardomaindigital.com. Bear Domain Digital hat die folgenden Ma\u00dfnahmen ergriffen, um Ihre pers\u00f6nlichen Daten zu sch\u00fctzen:&nbsp;<\/p>\n<p>wir platzieren pers\u00f6nliche Daten in gesch\u00fctzten Online-Umgebungen mit sicheren Passw\u00f6rtern<\/p>\n<p>Wir verwenden Firewalls<\/p>\n<p>Innerhalb unserer Organisation haben wir die Richtlinie, dass wir personenbezogene Daten nur an die Webentwickler weitergeben, andernfalls ist es uns strengstens untersagt, sie an andere Parteien weiterzugeben.<\/p>\n<p>BEAR DOMAIN DIGITAL; DIE NIEDERLANDE; VERSION MAI 2023<\/p>\t\t\t\t\t\t\t\t<\/div>\n\t\t\t\t<\/div>\n\t\t\t\t\t<\/div>\n\t\t<\/div>\n\t\t\t\t\t<\/div>\n\t\t<\/section>\n\t\t\t\t<\/div>\n\t\t","protected":false},"excerpt":{"rendered":"<p>DATENSCHUTZERKL\u00c4RUNG AVG\/GDPR VON BEAR DOMAIN DIGITAL; DIE NIEDERLANDE. Bear Domain Digital, mit Sitz in der Voorthuizerstraat 202B, Putten, Niederlande, ist verantwortlich f\u00fcr die Verarbeitung personenbezogener Daten, wie in dieser Datenschutzerkl\u00e4rung beschrieben. Domain Digital wird als Gesch\u00e4ftst\u00e4tigkeit unter der Holding Wear Celestials betrieben, und daher erfolgt die gesamte Rechnungsstellung \u00fcber das Bankkonto von Wear Celestials. Kontaktinformationen [&hellip;]<\/p>\n","protected":false},"author":1,"featured_media":0,"parent":0,"menu_order":0,"comment_status":"closed","ping_status":"open","template":"","meta":{"footnotes":""},"class_list":["post-1445","page","type-page","status-publish","hentry"],"_links":{"self":[{"href":"https:\/\/beardomaindigital.com\/de\/wp-json\/wp\/v2\/pages\/1445","targetHints":{"allow":["GET"]}}],"collection":[{"href":"https:\/\/beardomaindigital.com\/de\/wp-json\/wp\/v2\/pages"}],"about":[{"href":"https:\/\/beardomaindigital.com\/de\/wp-json\/wp\/v2\/types\/page"}],"author":[{"embeddable":true,"href":"https:\/\/beardomaindigital.com\/de\/wp-json\/wp\/v2\/users\/1"}],"replies":[{"embeddable":true,"href":"https:\/\/beardomaindigital.com\/de\/wp-json\/wp\/v2\/comments?post=1445"}],"version-history":[{"count":23,"href":"https:\/\/beardomaindigital.com\/de\/wp-json\/wp\/v2\/pages\/1445\/revisions"}],"predecessor-version":[{"id":3161,"href":"https:\/\/beardomaindigital.com\/de\/wp-json\/wp\/v2\/pages\/1445\/revisions\/3161"}],"wp:attachment":[{"href":"https:\/\/beardomaindigital.com\/de\/wp-json\/wp\/v2\/media?parent=1445"}],"curies":[{"name":"wp","href":"https:\/\/api.w.org\/{rel}","templated":true}]}}